{"id":1025,"date":"2023-01-22T14:46:23","date_gmt":"2023-01-22T14:46:23","guid":{"rendered":"https:\/\/uretek.ee\/ru\/?page_id=1025"},"modified":"2023-01-22T14:46:59","modified_gmt":"2023-01-22T14:46:59","slug":"infrastruktura","status":"publish","type":"page","link":"https:\/\/uretek.lv\/ru\/vypolnennye-raboty\/infrastruktura\/","title":{"rendered":"\u0418\u043d\u0444\u0440\u0430\u0441\u0442\u0440\u0443\u043a\u0442\u0443\u0440\u0430"},"content":{"rendered":"            <div id=\"post-grid-lazy-212\" class=\"post-grid-lazy\"><img decoding=\"async\" alt=\"\" src=\"\" \/><\/div>\n        <script>\n            jQuery('#post-grid-lazy-212').ready(function($) {\n                $('#post-grid-lazy-212').fadeOut();\n                $('#post-grid-212   ').fadeIn();\n            })\n        <\/script>\n        <style type=\"text\/css\">\n            #post-grid-212 {\n                display: none;\n            }\n\n            .post-grid-lazy {\n                text-align: center;\n            }\n        <\/style>\n        <div data-options='{&quot;id&quot;:&quot;212&quot;,&quot;lazy_load&quot;:&quot;yes&quot;,&quot;masonry_enable&quot;:&quot;no&quot;,&quot;view_type&quot;:&quot;grid&quot;}' id=\"post-grid-212\" class=\"post-grid grid\">\n                <div class=\"grid-items\">\n            <div class=\"item item-4534 skin flat even 0 \">\n                <div class=\"layer-wrapper layout-101\">\n                <div class=\"element element_1671299838234  thumb_link \">\n                    <a target=\"_parent\" href=\"https:\/\/uretek.lv\/ru\/vypolnennye-raboty-infrastruktura\/sohranenie-mosta-harjapea-xviii-veka\/\"><img decoding=\"async\" alt=\"\"\n src=\"https:\/\/uretek.lv\/ru\/wp-content\/uploads\/2025\/01\/1691493823083-3-1024x768.jpg\"><\/a>\n\n        \n\n    <\/div>\n    <div class=\"element element_1671299840868  title_link \">\n                    <a target=\"_parent\" href=\"https:\/\/uretek.lv\/ru\/vypolnennye-raboty-infrastruktura\/sohranenie-mosta-harjapea-xviii-veka\/\">\u0421\u043e\u0445\u0440\u0430\u043d\u0435\u043d\u0438\u0435 \u043c\u043e\u0441\u0442\u0430 H\u00e4rjapea XVIII \u0432\u0435\u043a\u0430<\/a>\n            <\/div>\n    <div class=\"element element_1671299846833  excerpt \">\n                    <\/div>\n        <\/div>\n    <\/div><div class=\"item item-4529 skin flat odd 1 \">\n                <div class=\"layer-wrapper layout-101\">\n                <div class=\"element element_1671299838234  thumb_link \">\n                    <a target=\"_parent\" href=\"https:\/\/uretek.lv\/ru\/vypolnennye-raboty-infrastruktura\/kak-uretek-baltic-obespechila-stabilnost-gorodskoj-sistemy-vodosnabzheniya\/\"><img decoding=\"async\" alt=\"\"\n src=\"https:\/\/uretek.lv\/ru\/wp-content\/uploads\/2025\/01\/20240815_103222-scaled-1-1024x576.jpg\"><\/a>\n\n        \n\n    <\/div>\n    <div class=\"element element_1671299840868  title_link \">\n                    <a target=\"_parent\" href=\"https:\/\/uretek.lv\/ru\/vypolnennye-raboty-infrastruktura\/kak-uretek-baltic-obespechila-stabilnost-gorodskoj-sistemy-vodosnabzheniya\/\">\u041a\u0430\u043a URETEK Baltic \u043e\u0431\u0435\u0441\u043f\u0435\u0447\u0438\u043b\u0430 \u0441\u0442\u0430\u0431\u0438\u043b\u044c\u043d\u043e\u0441\u0442\u044c \u0433\u043e\u0440\u043e\u0434\u0441\u043a\u043e\u0439 \u0441\u0438\u0441\u0442\u0435\u043c\u044b \u0432\u043e\u0434\u043e\u0441\u043d\u0430\u0431\u0436\u0435\u043d\u0438\u044f<\/a>\n            <\/div>\n    <div class=\"element element_1671299846833  excerpt \">\n                    <\/div>\n        <\/div>\n    <\/div><div class=\"item item-4524 skin flat even 2 \">\n                <div class=\"layer-wrapper layout-101\">\n                <div class=\"element element_1671299838234  thumb_link \">\n                    <a target=\"_parent\" href=\"https:\/\/uretek.lv\/ru\/vypolnennye-raboty-infrastruktura\/stabilizacziya-grunta-na-perekrestke-v-czentre-goroda\/\"><img decoding=\"async\" alt=\"\"\n src=\"https:\/\/uretek.lv\/ru\/wp-content\/uploads\/2025\/01\/whatsapp-image-2023-09-06-at-09.12.33-1024x768.jpg\"><\/a>\n\n        \n\n    <\/div>\n    <div class=\"element element_1671299840868  title_link \">\n                    <a target=\"_parent\" href=\"https:\/\/uretek.lv\/ru\/vypolnennye-raboty-infrastruktura\/stabilizacziya-grunta-na-perekrestke-v-czentre-goroda\/\">\u0421\u0442\u0430\u0431\u0438\u043b\u0438\u0437\u0430\u0446\u0438\u044f \u0433\u0440\u0443\u043d\u0442\u0430 \u043d\u0430 \u043f\u0435\u0440\u0435\u043a\u0440\u0435\u0441\u0442\u043a\u0435 \u0432 \u0446\u0435\u043d\u0442\u0440\u0435 \u0433\u043e\u0440\u043e\u0434\u0430<\/a>\n            <\/div>\n    <div class=\"element element_1671299846833  excerpt \">\n                    <\/div>\n        <\/div>\n    <\/div><div class=\"item item-4518 skin flat odd 3 \">\n                <div class=\"layer-wrapper layout-101\">\n                <div class=\"element element_1671299838234  thumb_link \">\n                    <a target=\"_parent\" href=\"https:\/\/uretek.lv\/ru\/vypolnennye-raboty-infrastruktura\/stabilizacziya-prichala-i-vosstanovlenie-nesushhej-sposobnosti-grunta\/\"><img decoding=\"async\" alt=\"\"\n src=\"https:\/\/uretek.lv\/ru\/wp-content\/uploads\/2025\/01\/sillamae-3-1024x768.jpg\"><\/a>\n\n        \n\n    <\/div>\n    <div class=\"element element_1671299840868  title_link \">\n                    <a target=\"_parent\" href=\"https:\/\/uretek.lv\/ru\/vypolnennye-raboty-infrastruktura\/stabilizacziya-prichala-i-vosstanovlenie-nesushhej-sposobnosti-grunta\/\">\u0421\u0442\u0430\u0431\u0438\u043b\u0438\u0437\u0430\u0446\u0438\u044f \u043f\u0440\u0438\u0447\u0430\u043b\u0430 \u0438 \u0432\u043e\u0441\u0441\u0442\u0430\u043d\u043e\u0432\u043b\u0435\u043d\u0438\u0435 \u043d\u0435\u0441\u0443\u0449\u0435\u0439 \u0441\u043f\u043e\u0441\u043e\u0431\u043d\u043e\u0441\u0442\u0438 \u0433\u0440\u0443\u043d\u0442\u0430<\/a>\n            <\/div>\n    <div class=\"element element_1671299846833  excerpt \">\n                    <\/div>\n        <\/div>\n    <\/div><div class=\"item item-4512 skin flat even 4 \">\n                <div class=\"layer-wrapper layout-101\">\n                <div class=\"element element_1671299838234  thumb_link \">\n                    <a target=\"_parent\" href=\"https:\/\/uretek.lv\/ru\/vypolnennye-raboty-infrastruktura\/stabilizacziya-prosevshego-uchastka-dorogi-i-vosstanovlenie-nesushhej-sposobnosti-grunta\/\"><img decoding=\"async\" alt=\"\"\n src=\"https:\/\/uretek.lv\/ru\/wp-content\/uploads\/2025\/01\/20230712_210355-1-2048x1536-1-1024x768.jpg\"><\/a>\n\n        \n\n    <\/div>\n    <div class=\"element element_1671299840868  title_link \">\n                    <a target=\"_parent\" href=\"https:\/\/uretek.lv\/ru\/vypolnennye-raboty-infrastruktura\/stabilizacziya-prosevshego-uchastka-dorogi-i-vosstanovlenie-nesushhej-sposobnosti-grunta\/\">\u0421\u0442\u0430\u0431\u0438\u043b\u0438\u0437\u0430\u0446\u0438\u044f \u043f\u0440\u043e\u0441\u0435\u0432\u0448\u0435\u0433\u043e \u0443\u0447\u0430\u0441\u0442\u043a\u0430 \u0434\u043e\u0440\u043e\u0433\u0438 \u0438 \u0432\u043e\u0441\u0441\u0442\u0430\u043d\u043e\u0432\u043b\u0435\u043d\u0438\u0435 \u043d\u0435\u0441\u0443\u0449\u0435\u0439 \u0441\u043f\u043e\u0441\u043e\u0431\u043d\u043e\u0441\u0442\u0438 \u0433\u0440\u0443\u043d\u0442\u0430<\/a>\n            <\/div>\n    <div class=\"element element_1671299846833  excerpt \">\n                    <\/div>\n        <\/div>\n    <\/div><div class=\"item item-4158 skin flat odd 5 \">\n                <div class=\"layer-wrapper layout-101\">\n                <div class=\"element element_1671299838234  thumb_link \">\n                    <a target=\"_parent\" href=\"https:\/\/uretek.lv\/ru\/vypolnennye-raboty-infrastruktura\/narva-mnt-ukreplenie-grunta-dorozhnogo-polotna-vosstanovlenie-nesushhej-sposobnosti-pochvy-i-predotvrashhenie-osedaniya\/\"><img decoding=\"async\" alt=\"\"\n src=\"https:\/\/uretek.lv\/ru\/wp-content\/uploads\/2023\/10\/img_9851-1024x768.jpeg\"><\/a>\n\n        \n\n    <\/div>\n    <div class=\"element element_1671299840868  title_link \">\n                    <a target=\"_parent\" href=\"https:\/\/uretek.lv\/ru\/vypolnennye-raboty-infrastruktura\/narva-mnt-ukreplenie-grunta-dorozhnogo-polotna-vosstanovlenie-nesushhej-sposobnosti-pochvy-i-predotvrashhenie-osedaniya\/\">\u041d\u0430\u0440\u0432\u0430 \u041c\u043d\u0442 &#8211; \u0423\u043a\u0440\u0435\u043f\u043b\u0435\u043d\u0438\u0435 \u0433\u0440\u0443\u043d\u0442\u0430 \u0434\u043e\u0440\u043e\u0436\u043d\u043e\u0433\u043e \u043f\u043e\u043b\u043e\u0442\u043d\u0430, \u0432\u043e\u0441\u0441\u0442\u0430\u043d\u043e\u0432\u043b\u0435\u043d\u0438\u0435 \u043d\u0435\u0441\u0443\u0449\u0435\u0439 \u0441\u043f\u043e\u0441\u043e\u0431\u043d\u043e\u0441\u0442\u0438 \u043f\u043e\u0447\u0432\u044b \u0438 \u043f\u0440\u0435\u0434\u043e\u0442\u0432\u0440\u0430\u0449\u0435\u043d\u0438\u0435 \u043e\u0441\u0435\u0434\u0430\u043d\u0438\u044f.<\/a>\n            <\/div>\n    <div class=\"element element_1671299846833  excerpt \">\n                    <\/div>\n        <\/div>\n    <\/div><div class=\"item item-2397 skin flat even 6 \">\n                <div class=\"layer-wrapper layout-101\">\n                <div class=\"element element_1671299838234  thumb_link \">\n                    <a target=\"_parent\" href=\"https:\/\/uretek.lv\/ru\/vypolnennye-raboty-infrastruktura\/kanalizaczionnyj-kolodecz-v-gorode-yurm\/\"><img decoding=\"async\" alt=\"\"\n src=\"https:\/\/uretek.lv\/ru\/wp-content\/uploads\/2023\/01\/jurmala-linna-kanalisatsiooni-kogumiskaev-3-1024x576.jpg\"><\/a>\n\n        \n\n    <\/div>\n    <div class=\"element element_1671299840868  title_link \">\n                    <a target=\"_parent\" href=\"https:\/\/uretek.lv\/ru\/vypolnennye-raboty-infrastruktura\/kanalizaczionnyj-kolodecz-v-gorode-yurm\/\">\u0421\u0442\u0430\u0431\u0438\u043b\u0438\u0437\u0430\u0446\u0438\u044f \u0438 \u0433\u0438\u0434\u0440\u043e\u0438\u0437\u043e\u043b\u044f\u0446\u0438\u044f \u0441\u0442\u043e\u043a\u043e\u043f\u0440\u0438\u0435\u043c\u043d\u043e\u0439 \u0448\u0430\u0445\u0442\u044b \u043a\u0430\u043d\u0430\u043b\u0438\u0437\u0430\u0446\u0438\u0438 \u0433\u043e\u0440\u043e\u0434\u0430 \u042e\u0440\u043c\u0430\u043b\u0430<\/a>\n            <\/div>\n    <div class=\"element element_1671299846833  excerpt \">\n                    <\/div>\n        <\/div>\n    <\/div><div class=\"item item-4186 skin flat odd 7 \">\n                <div class=\"layer-wrapper layout-101\">\n                <div class=\"element element_1671299838234  thumb_link \">\n                    <a target=\"_parent\" href=\"https:\/\/uretek.lv\/ru\/vypolnennye-raboty-infrastruktura\/stabilizacziya-opustivshegosya-grunta-i-povyshenie-nosimosti-dorogi-krugovorota-v-tallinne-uchastok-dorogi-kurna-luige\/\"><img decoding=\"async\" alt=\"\"\n src=\"https:\/\/uretek.lv\/ru\/wp-content\/uploads\/2023\/01\/tallinna-ringtee-kurna-luige-teeloik-2-1024x683.jpg\"><\/a>\n\n        \n\n    <\/div>\n    <div class=\"element element_1671299840868  title_link \">\n                    <a target=\"_parent\" href=\"https:\/\/uretek.lv\/ru\/vypolnennye-raboty-infrastruktura\/stabilizacziya-opustivshegosya-grunta-i-povyshenie-nosimosti-dorogi-krugovorota-v-tallinne-uchastok-dorogi-kurna-luige\/\">\u0421\u0442\u0430\u0431\u0438\u043b\u0438\u0437\u0430\u0446\u0438\u044f \u043e\u043f\u0443\u0441\u0442\u0438\u0432\u0448\u0435\u0433\u043e\u0441\u044f \u0433\u0440\u0443\u043d\u0442\u0430 \u0438 \u043f\u043e\u0432\u044b\u0448\u0435\u043d\u0438\u0435 \u043d\u043e\u0441\u0438\u043c\u043e\u0441\u0442\u0438 \u0434\u043e\u0440\u043e\u0433\u0438 \u043a\u0440\u0443\u0433\u043e\u0432\u043e\u0440\u043e\u0442\u0430 \u0432 \u0422\u0430\u043b\u043b\u0438\u043d\u043d\u0435 (\u0443\u0447\u0430\u0441\u0442\u043e\u043a \u0434\u043e\u0440\u043e\u0433\u0438 \u041a\u0443\u0440\u043d\u0430 \u2013 \u041b\u0443\u0438\u0433\u0435)<\/a>\n            <\/div>\n    <div class=\"element element_1671299846833  excerpt \">\n                    <\/div>\n        <\/div>\n    <\/div>        <\/div>\n        <div class=\"pagination\">\n            <div class=\"paginate\">\n        <span aria-current=\"page\" class=\"page-numbers current\">1<\/span>\n<a class=\"page-numbers\" href=\"https:\/\/uretek.ee\/ru\/wp-json\/wp\/v2\/pages\/1025\/page\/2\/\">2<\/a>\n<a class=\"next page-numbers\" href=\"https:\/\/uretek.ee\/ru\/wp-json\/wp\/v2\/pages\/1025\/page\/2\/\"> \u00bb<\/a>    <\/div>\n    <style type=\"text\/css\">\n        #post-grid-212 .pagination .page-numbers {\n            font-size: 16px;\n            color: #fff;\n            background: #646464;\n        }\n\n        #post-grid-212 .pagination .page-numbers:hover,\n        #post-grid-212 .pagination .page-numbers.current {\n            background: #4b4b4b;\n        }\n    <\/style>\n    <\/div>\n    <style type=\"text\/css\">\n        .layout-101 .element_1671299838234 {\n            overflow: hidden;\n                    }\n\n        .layout-101 .element_1671299838234 img {\n            max-width: 100%;\n            height: auto;\n        }\n\n        @media only screen and (min-width: 1024px) {\n            .layout-101 .element_1671299838234 {\n                max-height: 300px;\n                            }\n        }\n\n        @media only screen and (min-width: 768px) and (max-width: 1023px) {\n            .layout-101 .element_1671299838234 {\n                max-height: 250px;\n                            }\n        }\n\n        @media only screen and (min-width: 0px) and (max-width: 767px) {\n            .layout-101 .element_1671299838234 {\n                max-height: 250px;\n                            }\n        }\n    <\/style>\n    <style type=\"text\/css\">\n        .layout-101 .element_1671299840868 {\n            color: #63666a;\n            font-size: 17px;\n            margin: 10px 0% 5px;\n            text-align: left;\n                    }\n\n        .layout-101 .element_1671299840868 a {\n            color: #63666a;\n            font-size: 17px;\n                    }\n    <\/style>\n    <style type=\"text\/css\">\n        .layout-101 .element_1671299846833 {\n            font-size: 14px;\n            margin: 10px 0%;\n            text-align: left;\n            font-weight:300;        }\n\n        .layout-101 .element_1671299846833 a {\n            font-size: 14px;\n                    }\n    <\/style>\n\n\n    \n\n        <script>\n                    <\/script>\n        <style type=\"text\/css\">\n        #post-grid-212 {\n            padding: 0px;\n                    }\n\n        #post-grid-212 .item {\n            padding: 0px;\n            background: #ffffff;\n                    }\n\n        #post-grid-212 .item .layer-media {\n            height:auto;        }\n\n        @media only screen and (min-width: 0px) and (max-width: 767px) {\n            #post-grid-212 .grid-items {\n                text-align: left;\n                            }\n\n            #post-grid-212 .item {\n                width: 48%;\n                margin: 10px 0.5%;\n                display: inline-block;\n                vertical-align: top;\n                height:auto;            }\n        }\n\n        @media only screen and (min-width: 768px) and (max-width: 1023px) {\n            #post-grid-212 .grid-items {\n                text-align: left;\n                            }\n\n            #post-grid-212 .item {\n                width: 48%;\n                margin: 10px 0.5%;\n                display: inline-block;\n                vertical-align: top;\n                max-height:auto;            }\n        }\n\n        @media only screen and (min-width: 1024px) {\n            #post-grid-212 .grid-items {\n                text-align: left;\n                            }\n\n            #post-grid-212 .item {\n                width: 22%;\n                display: inline-block;\n                margin: 10px 0.5%;\n                vertical-align: top;\n                height:auto;            }\n        }\n\n            <\/style>\n    <\/div>\n\n","protected":false},"excerpt":{"rendered":"","protected":false},"author":2,"featured_media":0,"parent":1011,"menu_order":0,"comment_status":"closed","ping_status":"closed","template":"Uretek-tehtud-tood.php","meta":{"_acf_changed":false,"pgc_meta":"","footnotes":""},"class_list":["post-1025","page","type-page","status-publish","hentry"],"acf":[],"pgc_meta":"","yoast_head":"<!-- This site is optimized with the Yoast SEO plugin v22.0 - https:\/\/yoast.com\/wordpress\/plugins\/seo\/ -->\n<title>\u0418\u043d\u0444\u0440\u0430\u0441\u0442\u0440\u0443\u043a\u0442\u0443\u0440\u0430 | URETEK Baltic<\/title>\n<meta name=\"description\" content=\"URETEK pakub geotehniliste insenerit\u00f6\u00f6delahendusi ilma klientide elu- ja \u00e4ritegevust h\u00e4irimata. | \u0418\u043d\u0444\u0440\u0430\u0441\u0442\u0440\u0443\u043a\u0442\u0443\u0440\u0430\" \/>\n<meta name=\"robots\" content=\"index, follow, max-snippet:-1, max-image-preview:large, max-video-preview:-1\" \/>\n<link rel=\"canonical\" href=\"https:\/\/uretek.lv\/ru\/vypolnennye-raboty\/infrastruktura\/\" \/>\n<meta property=\"og:locale\" content=\"et_EE\" \/>\n<meta property=\"og:type\" content=\"article\" \/>\n<meta property=\"og:title\" content=\"\u0418\u043d\u0444\u0440\u0430\u0441\u0442\u0440\u0443\u043a\u0442\u0443\u0440\u0430 | URETEK Baltic\" \/>\n<meta property=\"og:description\" content=\"URETEK pakub geotehniliste insenerit\u00f6\u00f6delahendusi ilma klientide elu- ja \u00e4ritegevust h\u00e4irimata. | \u0418\u043d\u0444\u0440\u0430\u0441\u0442\u0440\u0443\u043a\u0442\u0443\u0440\u0430\" \/>\n<meta property=\"og:url\" content=\"https:\/\/uretek.lv\/ru\/vypolnennye-raboty\/infrastruktura\/\" \/>\n<meta property=\"og:site_name\" content=\"URETEK Baltic\" \/>\n<meta property=\"article:publisher\" content=\"https:\/\/www.facebook.com\/people\/URETEK-Eesti\/100064206516576\/\" \/>\n<meta property=\"article:modified_time\" content=\"2023-01-22T14:46:59+00:00\" \/>\n<meta property=\"og:image\" content=\"https:\/\/uretek.lv\/ru\/wp-content\/uploads\/2022\/11\/geotehnilised-inseneritood-uretek.jpg\" \/>\n\t<meta property=\"og:image:width\" content=\"1749\" \/>\n\t<meta property=\"og:image:height\" content=\"984\" \/>\n\t<meta property=\"og:image:type\" content=\"image\/jpeg\" \/>\n<meta name=\"twitter:card\" content=\"summary_large_image\" \/>\n<script type=\"application\/ld+json\" class=\"yoast-schema-graph\">{\"@context\":\"https:\/\/schema.org\",\"@graph\":[{\"@type\":\"WebPage\",\"@id\":\"https:\/\/uretek.lv\/ru\/vypolnennye-raboty\/infrastruktura\/\",\"url\":\"https:\/\/uretek.lv\/ru\/vypolnennye-raboty\/infrastruktura\/\",\"name\":\"\u0418\u043d\u0444\u0440\u0430\u0441\u0442\u0440\u0443\u043a\u0442\u0443\u0440\u0430 | URETEK Baltic\",\"isPartOf\":{\"@id\":\"https:\/\/uretek.ee\/ru\/#website\"},\"datePublished\":\"2023-01-22T14:46:23+00:00\",\"dateModified\":\"2023-01-22T14:46:59+00:00\",\"description\":\"URETEK pakub geotehniliste insenerit\u00f6\u00f6delahendusi ilma klientide elu- ja \u00e4ritegevust h\u00e4irimata. | \u0418\u043d\u0444\u0440\u0430\u0441\u0442\u0440\u0443\u043a\u0442\u0443\u0440\u0430\",\"breadcrumb\":{\"@id\":\"https:\/\/uretek.lv\/ru\/vypolnennye-raboty\/infrastruktura\/#breadcrumb\"},\"inLanguage\":\"et\",\"potentialAction\":[{\"@type\":\"ReadAction\",\"target\":[\"https:\/\/uretek.lv\/ru\/vypolnennye-raboty\/infrastruktura\/\"]}]},{\"@type\":\"BreadcrumbList\",\"@id\":\"https:\/\/uretek.lv\/ru\/vypolnennye-raboty\/infrastruktura\/#breadcrumb\",\"itemListElement\":[{\"@type\":\"ListItem\",\"position\":1,\"name\":\"Home\",\"item\":\"https:\/\/uretek.lv\/ru\/\"},{\"@type\":\"ListItem\",\"position\":2,\"name\":\"\u0421\u043f\u0440\u0430\u0432\u043a\u0438\",\"item\":\"https:\/\/ru.uretek.ee\/vypolnennye-raboty\/\"},{\"@type\":\"ListItem\",\"position\":3,\"name\":\"\u0418\u043d\u0444\u0440\u0430\u0441\u0442\u0440\u0443\u043a\u0442\u0443\u0440\u0430\"}]},{\"@type\":\"WebSite\",\"@id\":\"https:\/\/uretek.ee\/ru\/#website\",\"url\":\"https:\/\/uretek.ee\/ru\/\",\"name\":\"Uretek\",\"description\":\"Geotehnilised insenerit\u00f6\u00f6d\",\"publisher\":{\"@id\":\"https:\/\/uretek.ee\/ru\/#organization\"},\"alternateName\":\"Uretek\",\"potentialAction\":[{\"@type\":\"SearchAction\",\"target\":{\"@type\":\"EntryPoint\",\"urlTemplate\":\"https:\/\/uretek.ee\/ru\/?s={search_term_string}\"},\"query-input\":\"required name=search_term_string\"}],\"inLanguage\":\"et\"},{\"@type\":\"Organization\",\"@id\":\"https:\/\/uretek.ee\/ru\/#organization\",\"name\":\"Uretek\",\"url\":\"https:\/\/uretek.ee\/ru\/\",\"logo\":{\"@type\":\"ImageObject\",\"inLanguage\":\"et\",\"@id\":\"https:\/\/uretek.ee\/ru\/#\/schema\/logo\/image\/\",\"url\":\"https:\/\/uretek.ee\/ru\/wp-content\/uploads\/2023\/05\/uretek-logo-ruut.jpg\",\"contentUrl\":\"https:\/\/uretek.ee\/ru\/wp-content\/uploads\/2023\/05\/uretek-logo-ruut.jpg\",\"width\":219,\"height\":219,\"caption\":\"Uretek\"},\"image\":{\"@id\":\"https:\/\/uretek.ee\/ru\/#\/schema\/logo\/image\/\"},\"sameAs\":[\"https:\/\/www.facebook.com\/people\/URETEK-Eesti\/100064206516576\/\"]}]}<\/script>\n<!-- \/ Yoast SEO plugin. -->","yoast_head_json":{"title":"\u0418\u043d\u0444\u0440\u0430\u0441\u0442\u0440\u0443\u043a\u0442\u0443\u0440\u0430 | URETEK Baltic","description":"URETEK pakub geotehniliste insenerit\u00f6\u00f6delahendusi ilma klientide elu- ja \u00e4ritegevust h\u00e4irimata. | \u0418\u043d\u0444\u0440\u0430\u0441\u0442\u0440\u0443\u043a\u0442\u0443\u0440\u0430","robots":{"index":"index","follow":"follow","max-snippet":"max-snippet:-1","max-image-preview":"max-image-preview:large","max-video-preview":"max-video-preview:-1"},"canonical":"https:\/\/uretek.lv\/ru\/vypolnennye-raboty\/infrastruktura\/","og_locale":"et_EE","og_type":"article","og_title":"\u0418\u043d\u0444\u0440\u0430\u0441\u0442\u0440\u0443\u043a\u0442\u0443\u0440\u0430 | URETEK Baltic","og_description":"URETEK pakub geotehniliste insenerit\u00f6\u00f6delahendusi ilma klientide elu- ja \u00e4ritegevust h\u00e4irimata. | \u0418\u043d\u0444\u0440\u0430\u0441\u0442\u0440\u0443\u043a\u0442\u0443\u0440\u0430","og_url":"https:\/\/uretek.lv\/ru\/vypolnennye-raboty\/infrastruktura\/","og_site_name":"URETEK Baltic","article_publisher":"https:\/\/www.facebook.com\/people\/URETEK-Eesti\/100064206516576\/","article_modified_time":"2023-01-22T14:46:59+00:00","og_image":[{"width":1749,"height":984,"url":"https:\/\/uretek.lv\/ru\/wp-content\/uploads\/2022\/11\/geotehnilised-inseneritood-uretek.jpg","type":"image\/jpeg"}],"twitter_card":"summary_large_image","schema":{"@context":"https:\/\/schema.org","@graph":[{"@type":"WebPage","@id":"https:\/\/uretek.lv\/ru\/vypolnennye-raboty\/infrastruktura\/","url":"https:\/\/uretek.lv\/ru\/vypolnennye-raboty\/infrastruktura\/","name":"\u0418\u043d\u0444\u0440\u0430\u0441\u0442\u0440\u0443\u043a\u0442\u0443\u0440\u0430 | URETEK Baltic","isPartOf":{"@id":"https:\/\/uretek.ee\/ru\/#website"},"datePublished":"2023-01-22T14:46:23+00:00","dateModified":"2023-01-22T14:46:59+00:00","description":"URETEK pakub geotehniliste insenerit\u00f6\u00f6delahendusi ilma klientide elu- ja \u00e4ritegevust h\u00e4irimata. | \u0418\u043d\u0444\u0440\u0430\u0441\u0442\u0440\u0443\u043a\u0442\u0443\u0440\u0430","breadcrumb":{"@id":"https:\/\/uretek.lv\/ru\/vypolnennye-raboty\/infrastruktura\/#breadcrumb"},"inLanguage":"et","potentialAction":[{"@type":"ReadAction","target":["https:\/\/uretek.lv\/ru\/vypolnennye-raboty\/infrastruktura\/"]}]},{"@type":"BreadcrumbList","@id":"https:\/\/uretek.lv\/ru\/vypolnennye-raboty\/infrastruktura\/#breadcrumb","itemListElement":[{"@type":"ListItem","position":1,"name":"Home","item":"https:\/\/uretek.lv\/ru\/"},{"@type":"ListItem","position":2,"name":"\u0421\u043f\u0440\u0430\u0432\u043a\u0438","item":"https:\/\/ru.uretek.ee\/vypolnennye-raboty\/"},{"@type":"ListItem","position":3,"name":"\u0418\u043d\u0444\u0440\u0430\u0441\u0442\u0440\u0443\u043a\u0442\u0443\u0440\u0430"}]},{"@type":"WebSite","@id":"https:\/\/uretek.ee\/ru\/#website","url":"https:\/\/uretek.ee\/ru\/","name":"Uretek","description":"Geotehnilised insenerit\u00f6\u00f6d","publisher":{"@id":"https:\/\/uretek.ee\/ru\/#organization"},"alternateName":"Uretek","potentialAction":[{"@type":"SearchAction","target":{"@type":"EntryPoint","urlTemplate":"https:\/\/uretek.ee\/ru\/?s={search_term_string}"},"query-input":"required name=search_term_string"}],"inLanguage":"et"},{"@type":"Organization","@id":"https:\/\/uretek.ee\/ru\/#organization","name":"Uretek","url":"https:\/\/uretek.ee\/ru\/","logo":{"@type":"ImageObject","inLanguage":"et","@id":"https:\/\/uretek.ee\/ru\/#\/schema\/logo\/image\/","url":"https:\/\/uretek.ee\/ru\/wp-content\/uploads\/2023\/05\/uretek-logo-ruut.jpg","contentUrl":"https:\/\/uretek.ee\/ru\/wp-content\/uploads\/2023\/05\/uretek-logo-ruut.jpg","width":219,"height":219,"caption":"Uretek"},"image":{"@id":"https:\/\/uretek.ee\/ru\/#\/schema\/logo\/image\/"},"sameAs":["https:\/\/www.facebook.com\/people\/URETEK-Eesti\/100064206516576\/"]}]}},"_links":{"self":[{"href":"https:\/\/uretek.lv\/ru\/wp-json\/wp\/v2\/pages\/1025","targetHints":{"allow":["GET"]}}],"collection":[{"href":"https:\/\/uretek.lv\/ru\/wp-json\/wp\/v2\/pages"}],"about":[{"href":"https:\/\/uretek.lv\/ru\/wp-json\/wp\/v2\/types\/page"}],"author":[{"embeddable":true,"href":"https:\/\/uretek.lv\/ru\/wp-json\/wp\/v2\/users\/2"}],"replies":[{"embeddable":true,"href":"https:\/\/uretek.lv\/ru\/wp-json\/wp\/v2\/comments?post=1025"}],"version-history":[{"count":2,"href":"https:\/\/uretek.lv\/ru\/wp-json\/wp\/v2\/pages\/1025\/revisions"}],"predecessor-version":[{"id":1027,"href":"https:\/\/uretek.lv\/ru\/wp-json\/wp\/v2\/pages\/1025\/revisions\/1027"}],"up":[{"embeddable":true,"href":"https:\/\/uretek.lv\/ru\/wp-json\/wp\/v2\/pages\/1011"}],"wp:attachment":[{"href":"https:\/\/uretek.lv\/ru\/wp-json\/wp\/v2\/media?parent=1025"}],"curies":[{"name":"wp","href":"https:\/\/api.w.org\/{rel}","templated":true}]}}