{"id":1289,"date":"2023-01-24T12:25:02","date_gmt":"2023-01-24T12:25:02","guid":{"rendered":"https:\/\/uretek.ee\/ru\/?page_id=1289"},"modified":"2023-04-28T09:01:22","modified_gmt":"2023-04-28T09:01:22","slug":"tehnologiya","status":"publish","type":"page","link":"https:\/\/uretek.lv\/ru\/tehnoblog\/tehnologiya\/","title":{"rendered":"T\u0435\u0445\u043d\u043e\u043b\u043e\u0433\u0438\u044f"},"content":{"rendered":"            <div id=\"post-grid-lazy-1283\" class=\"post-grid-lazy\"><img decoding=\"async\" alt=\"\" src=\"\" \/><\/div>\n        <script>\n            jQuery('#post-grid-lazy-1283').ready(function($) {\n                $('#post-grid-lazy-1283').fadeOut();\n                $('#post-grid-1283   ').fadeIn();\n            })\n        <\/script>\n        <style type=\"text\/css\">\n            #post-grid-1283 {\n                display: none;\n            }\n\n            .post-grid-lazy {\n                text-align: center;\n            }\n        <\/style>\n        <div data-options='{&quot;id&quot;:&quot;1283&quot;,&quot;lazy_load&quot;:&quot;yes&quot;,&quot;masonry_enable&quot;:&quot;no&quot;,&quot;view_type&quot;:&quot;grid&quot;}' id=\"post-grid-1283\" class=\"post-grid grid\">\n                <div class=\"grid-items\">\n            <div class=\"item item-1540 skin flat even 0 \">\n                <div class=\"layer-wrapper layout-101\">\n                <div class=\"element element_1671299838234  thumb_link \">\n                    <a target=\"_parent\" href=\"https:\/\/uretek.lv\/ru\/tehnologiya\/torgovyj-czentr-rimi-v-vilnyuse\/\"><img decoding=\"async\" alt=\"\"\n src=\"https:\/\/uretek.lv\/ru\/wp-content\/uploads\/2023\/01\/rimi-kaubanduskeskus-vilniuses-scaled_11zon-1024x686.jpg\"><\/a>\n\n        \n\n    <\/div>\n    <div class=\"element element_1671299840868  title_link \">\n                    <a target=\"_parent\" href=\"https:\/\/uretek.lv\/ru\/tehnologiya\/torgovyj-czentr-rimi-v-vilnyuse\/\">\u041f\u043e\u0434\u043d\u044f\u0442\u0438\u0435 \u043e\u0441\u0435\u0434\u0430\u0432\u0448\u0435\u0433\u043e\u0441\u044f \u0431\u0435\u0442\u043e\u043d\u043d\u043e\u0433\u043e \u043f\u043e\u043b\u0430 \u0442\u043e\u0440\u0433\u043e\u0432\u043e\u0433\u043e \u0446\u0435\u043d\u0442\u0440\u0430 Rimi \u0438 \u0443\u0441\u0442\u043e\u0439\u0447\u0438\u0432\u043e\u0441\u0442\u044c \u0433\u0440\u0443\u043d\u0442\u0430<\/a>\n            <\/div>\n    <div class=\"element element_1671299846833  excerpt \">\n                    <\/div>\n        <\/div>\n    <\/div><div class=\"item item-1527 skin flat odd 1 \">\n                <div class=\"layer-wrapper layout-101\">\n                <div class=\"element element_1671299838234  thumb_link \">\n                    <a target=\"_parent\" href=\"https:\/\/uretek.lv\/ru\/tehnologiya\/torgovyj-czentr-rimi-v-ventspilse\/\"><img decoding=\"async\" alt=\"\"\n src=\"https:\/\/uretek.lv\/ru\/wp-content\/uploads\/2023\/01\/rimi-kaubanduskeskus-ventspilsis-scaled_11zon-1024x683.jpg\"><\/a>\n\n        \n\n    <\/div>\n    <div class=\"element element_1671299840868  title_link \">\n                    <a target=\"_parent\" href=\"https:\/\/uretek.lv\/ru\/tehnologiya\/torgovyj-czentr-rimi-v-ventspilse\/\">\u0421\u0442\u0430\u0431\u0438\u043b\u0438\u0437\u0430\u0446\u0438\u044f \u0438 \u043f\u043e\u0432\u0442\u043e\u0440\u043d\u043e\u0435 \u0432\u044b\u0440\u0430\u0432\u043d\u0438\u0432\u0430\u043d\u0438\u0435 \u0431\u0435\u0442\u043e\u043d\u043d\u043e\u0433\u043e \u043f\u043e\u043b\u0430 \u0442\u043e\u0440\u0433\u043e\u0432\u043e\u0433\u043e \u0446\u0435\u043d\u0442\u0440\u0430 Rimi<\/a>\n            <\/div>\n    <div class=\"element element_1671299846833  excerpt \">\n                    <\/div>\n        <\/div>\n    <\/div><div class=\"item item-1371 skin flat even 2 \">\n                <div class=\"layer-wrapper layout-101\">\n                <div class=\"element element_1671299838234  thumb_link \">\n                    <a target=\"_parent\" href=\"https:\/\/uretek.lv\/ru\/tehnologiya\/bosstanovlenie-pamyatnikov-arhitektu\/\"><img decoding=\"async\" alt=\"\"\n src=\"https:\/\/uretek.lv\/ru\/wp-content\/uploads\/2023\/01\/nikolai-pirogovi-malestusmark-4_11zon-1024x683.jpg\"><\/a>\n\n        \n\n    <\/div>\n    <div class=\"element element_1671299840868  title_link \">\n                    <a target=\"_parent\" href=\"https:\/\/uretek.lv\/ru\/tehnologiya\/bosstanovlenie-pamyatnikov-arhitektu\/\">B\u043e\u0441\u0441\u0442\u0430\u043d\u043e\u0432\u043b\u0435\u043d\u0438\u0435 \u043f\u0430\u043c\u044f\u0442\u043d\u0438\u043a\u043e\u0432 \u0430\u0440\u0445\u0438\u0442\u0435\u043a\u0442\u0443\u0440\u044b<\/a>\n            <\/div>\n    <div class=\"element element_1671299846833  excerpt \">\n                    <\/div>\n        <\/div>\n    <\/div><div class=\"item item-1504 skin flat odd 3 \">\n                <div class=\"layer-wrapper layout-101\">\n                <div class=\"element element_1671299838234  thumb_link \">\n                    <a target=\"_parent\" href=\"https:\/\/uretek.lv\/ru\/tehnologiya\/ekstremalnye-pogodnye-yavleniya-okaz\/\"><img decoding=\"async\" alt=\"\"\n src=\"https:\/\/uretek.lv\/ru\/wp-content\/uploads\/2022\/01\/LT-2.png\"><\/a>\n\n        \n\n    <\/div>\n    <div class=\"element element_1671299840868  title_link \">\n                    <a target=\"_parent\" href=\"https:\/\/uretek.lv\/ru\/tehnologiya\/ekstremalnye-pogodnye-yavleniya-okaz\/\">\u042d\u043a\u0441\u0442\u0440\u0435\u043c\u0430\u043b\u044c\u043d\u044b\u0435 \u043f\u043e\u0433\u043e\u0434\u043d\u044b\u0435 \u044f\u0432\u043b\u0435\u043d\u0438\u044f \u043e\u043a\u0430\u0437\u044b\u0432\u0430\u044e\u0442 \u0437\u043d\u0430\u0447\u0438\u0442\u0435\u043b\u044c\u043d\u043e\u0435 \u0432\u043e\u0437\u0434\u0435\u0439\u0441\u0442\u0432\u0438\u0435 \u043d\u0430 \u043e\u0441\u043d\u043e\u0432\u0430\u043d\u0438\u0435 \u0438 \u0444\u0443\u043d\u0434\u0430\u043c\u0435\u043d\u0442\u044b<\/a>\n            <\/div>\n    <div class=\"element element_1671299846833  excerpt \">\n                    <\/div>\n        <\/div>\n    <\/div><div class=\"item item-1498 skin flat even 4 \">\n                <div class=\"layer-wrapper layout-101\">\n                <div class=\"element element_1671299838234  thumb_link \">\n                    <a target=\"_parent\" href=\"https:\/\/uretek.lv\/ru\/tehnologiya\/ystranenie-osadki-betonnyh-bassejnov\/\"><img decoding=\"async\" alt=\"\"\n src=\"https:\/\/uretek.lv\/ru\/wp-content\/uploads\/2022\/01\/LT-2.png\"><\/a>\n\n        \n\n    <\/div>\n    <div class=\"element element_1671299840868  title_link \">\n                    <a target=\"_parent\" href=\"https:\/\/uretek.lv\/ru\/tehnologiya\/ystranenie-osadki-betonnyh-bassejnov\/\">Y\u0441\u0442\u0440\u0430\u043d\u0435\u043d\u0438\u0435 \u043e\u0441\u0430\u0434\u043a\u0438 \u0431\u0435\u0442\u043e\u043d\u043d\u044b\u0445 \u0431\u0430\u0441\u0441\u0435\u0439\u043d\u043e\u0432 \u0438 \u043b\u0438\u043a\u0432\u0438\u0434\u0430\u0446\u0438\u044f \u0442\u0440\u0435\u0449\u0438\u043d<\/a>\n            <\/div>\n    <div class=\"element element_1671299846833  excerpt \">\n                    <\/div>\n        <\/div>\n    <\/div><div class=\"item item-1492 skin flat odd 5 \">\n                <div class=\"layer-wrapper layout-101\">\n                <div class=\"element element_1671299838234  thumb_link \">\n                    <a target=\"_parent\" href=\"https:\/\/uretek.lv\/ru\/tehnologiya\/osobennosti-ustrojstva-svajnyh-funda\/\"><img decoding=\"async\" alt=\"\"\n src=\"https:\/\/uretek.lv\/ru\/wp-content\/uploads\/2022\/01\/LT-2.png\"><\/a>\n\n        \n\n    <\/div>\n    <div class=\"element element_1671299840868  title_link \">\n                    <a target=\"_parent\" href=\"https:\/\/uretek.lv\/ru\/tehnologiya\/osobennosti-ustrojstva-svajnyh-funda\/\">O\u0441\u043e\u0431\u0435\u043d\u043d\u043e\u0441\u0442\u0438 \u0443\u0441\u0442\u0440\u043e\u0439\u0441\u0442\u0432\u0430 \u0441\u0432\u0430\u0439\u043d\u044b\u0445 \u0444\u0443\u043d\u0434\u0430\u043c\u0435\u043d\u0442\u043e\u0432<\/a>\n            <\/div>\n    <div class=\"element element_1671299846833  excerpt \">\n                    <\/div>\n        <\/div>\n    <\/div><div class=\"item item-1486 skin flat even 6 \">\n                <div class=\"layer-wrapper layout-101\">\n                <div class=\"element element_1671299838234  thumb_link \">\n                    <a target=\"_parent\" href=\"https:\/\/uretek.lv\/ru\/tehnologiya\/ysilenie-grunta-pribrezhnoj-zony-estes\/\"><img decoding=\"async\" alt=\"\"\n src=\"https:\/\/uretek.lv\/ru\/wp-content\/uploads\/2022\/01\/LT-2.png\"><\/a>\n\n        \n\n    <\/div>\n    <div class=\"element element_1671299840868  title_link \">\n                    <a target=\"_parent\" href=\"https:\/\/uretek.lv\/ru\/tehnologiya\/ysilenie-grunta-pribrezhnoj-zony-estes\/\">Y\u0441\u0438\u043b\u0435\u043d\u0438\u0435 \u0433\u0440\u0443\u043d\u0442\u0430 \u043f\u0440\u0438\u0431\u0440\u0435\u0436\u043d\u043e\u0439 \u0437\u043e\u043d\u044b \u0435\u0441\u0442\u0435\u0441\u0442\u0432\u0435\u043d\u043d\u044b\u0445 \u0438 \u0438\u0441\u043a\u0443\u0441\u0441\u0442\u0432\u0435\u043d\u043d\u044b\u0445 \u0432\u043e\u0434\u043e\u0435\u043c\u043e\u0432<\/a>\n            <\/div>\n    <div class=\"element element_1671299846833  excerpt \">\n                    <\/div>\n        <\/div>\n    <\/div><div class=\"item item-1572 skin flat odd 7 \">\n                <div class=\"layer-wrapper layout-101\">\n                <div class=\"element element_1671299838234  thumb_link \">\n                    <a target=\"_parent\" href=\"https:\/\/uretek.lv\/ru\/tehnologiya\/silosohranilishhe-vao-agro-2\/\"><img decoding=\"async\" alt=\"\"\n src=\"https:\/\/uretek.lv\/ru\/wp-content\/uploads\/2023\/01\/vao-agro-silohoidla_11zon-768x1024.jpg\"><\/a>\n\n        \n\n    <\/div>\n    <div class=\"element element_1671299840868  title_link \">\n                    <a target=\"_parent\" href=\"https:\/\/uretek.lv\/ru\/tehnologiya\/silosohranilishhe-vao-agro-2\/\">\u041f\u043e\u0434\u044a\u0435\u043c \u0431\u0435\u0442\u043e\u043d\u043d\u044b\u0445 \u043f\u043b\u0438\u0442 \u0438 \u0443\u043f\u043b\u043e\u0442\u043d\u0435\u043d\u0438\u0435 \u0433\u0440\u0443\u043d\u0442\u0430 \u043d\u0430 \u0445\u0440\u0430\u043d\u0438\u043b\u0438\u0449\u0435 \u0441\u0438\u043b\u043e\u0441\u043e\u0432 Vao Agro<\/a>\n            <\/div>\n    <div class=\"element element_1671299846833  excerpt \">\n                    <\/div>\n        <\/div>\n    <\/div>        <\/div>\n        <div class=\"pagination\">\n            <div class=\"paginate\">\n        <span aria-current=\"page\" class=\"page-numbers current\">1<\/span>\n<a class=\"page-numbers\" href=\"https:\/\/uretek.ee\/ru\/wp-json\/wp\/v2\/pages\/1289\/page\/2\/\">2<\/a>\n<a class=\"next page-numbers\" href=\"https:\/\/uretek.ee\/ru\/wp-json\/wp\/v2\/pages\/1289\/page\/2\/\"> \u00bb<\/a>    <\/div>\n    <style type=\"text\/css\">\n        #post-grid-1283 .pagination .page-numbers {\n            font-size: 16px;\n            color: #fff;\n            background: #646464;\n        }\n\n        #post-grid-1283 .pagination .page-numbers:hover,\n        #post-grid-1283 .pagination .page-numbers.current {\n            background: #4b4b4b;\n        }\n    <\/style>\n    <\/div>\n    <style type=\"text\/css\">\n        .layout-101 .element_1671299838234 {\n            overflow: hidden;\n                    }\n\n        .layout-101 .element_1671299838234 img {\n            max-width: 100%;\n            height: auto;\n        }\n\n        @media only screen and (min-width: 1024px) {\n            .layout-101 .element_1671299838234 {\n                max-height: 300px;\n                            }\n        }\n\n        @media only screen and (min-width: 768px) and (max-width: 1023px) {\n            .layout-101 .element_1671299838234 {\n                max-height: 250px;\n                            }\n        }\n\n        @media only screen and (min-width: 0px) and (max-width: 767px) {\n            .layout-101 .element_1671299838234 {\n                max-height: 250px;\n                            }\n        }\n    <\/style>\n    <style type=\"text\/css\">\n        .layout-101 .element_1671299840868 {\n            color: #63666a;\n            font-size: 17px;\n            margin: 10px 0% 5px;\n            text-align: left;\n                    }\n\n        .layout-101 .element_1671299840868 a {\n            color: #63666a;\n            font-size: 17px;\n                    }\n    <\/style>\n    <style type=\"text\/css\">\n        .layout-101 .element_1671299846833 {\n            font-size: 14px;\n            margin: 10px 0%;\n            text-align: left;\n            font-weight:300;        }\n\n        .layout-101 .element_1671299846833 a {\n            font-size: 14px;\n                    }\n    <\/style>\n\n\n    \n\n        <script>\n                    <\/script>\n        <style type=\"text\/css\">\n        #post-grid-1283 {\n            padding: 0px;\n                    }\n\n        #post-grid-1283 .item {\n            padding: 0px;\n            background: #ffffff;\n                    }\n\n        #post-grid-1283 .item .layer-media {\n            height:auto;        }\n\n        @media only screen and (min-width: 0px) and (max-width: 767px) {\n            #post-grid-1283 .grid-items {\n                text-align: left;\n                            }\n\n            #post-grid-1283 .item {\n                width: 48%;\n                margin: 10px 0.5%;\n                display: inline-block;\n                vertical-align: top;\n                height:auto;            }\n        }\n\n        @media only screen and (min-width: 768px) and (max-width: 1023px) {\n            #post-grid-1283 .grid-items {\n                text-align: left;\n                            }\n\n            #post-grid-1283 .item {\n                width: 48%;\n                margin: 10px 0.5%;\n                display: inline-block;\n                vertical-align: top;\n                max-height:auto;            }\n        }\n\n        @media only screen and (min-width: 1024px) {\n            #post-grid-1283 .grid-items {\n                text-align: left;\n                            }\n\n            #post-grid-1283 .item {\n                width: 22%;\n                display: inline-block;\n                margin: 10px 0.5%;\n                vertical-align: top;\n                height:auto;            }\n        }\n\n            <\/style>\n    <\/div>\n\n","protected":false},"excerpt":{"rendered":"","protected":false},"author":2,"featured_media":0,"parent":1035,"menu_order":0,"comment_status":"closed","ping_status":"closed","template":"Uretek-tehnoblogi.php","meta":{"_acf_changed":false,"pgc_meta":"","footnotes":""},"class_list":["post-1289","page","type-page","status-publish","hentry"],"acf":[],"pgc_meta":"","yoast_head":"<!-- This site is optimized with the Yoast SEO plugin v22.0 - https:\/\/yoast.com\/wordpress\/plugins\/seo\/ -->\n<title>T\u0435\u0445\u043d\u043e\u043b\u043e\u0433\u0438\u044f | URETEK Baltic<\/title>\n<meta name=\"description\" content=\"URETEK pakub geotehniliste insenerit\u00f6\u00f6delahendusi ilma klientide elu- ja \u00e4ritegevust h\u00e4irimata. | T\u0435\u0445\u043d\u043e\u043b\u043e\u0433\u0438\u044f\" \/>\n<meta name=\"robots\" content=\"index, follow, max-snippet:-1, max-image-preview:large, max-video-preview:-1\" \/>\n<link rel=\"canonical\" href=\"https:\/\/uretek.lv\/ru\/tehnoblog\/tehnologiya\/\" \/>\n<meta property=\"og:locale\" content=\"et_EE\" \/>\n<meta property=\"og:type\" content=\"article\" \/>\n<meta property=\"og:title\" content=\"T\u0435\u0445\u043d\u043e\u043b\u043e\u0433\u0438\u044f | URETEK Baltic\" \/>\n<meta property=\"og:description\" content=\"URETEK pakub geotehniliste insenerit\u00f6\u00f6delahendusi ilma klientide elu- ja \u00e4ritegevust h\u00e4irimata. | T\u0435\u0445\u043d\u043e\u043b\u043e\u0433\u0438\u044f\" \/>\n<meta property=\"og:url\" content=\"https:\/\/uretek.lv\/ru\/tehnoblog\/tehnologiya\/\" \/>\n<meta property=\"og:site_name\" content=\"URETEK Baltic\" \/>\n<meta property=\"article:publisher\" content=\"https:\/\/www.facebook.com\/people\/URETEK-Eesti\/100064206516576\/\" \/>\n<meta property=\"article:modified_time\" content=\"2023-04-28T09:01:22+00:00\" \/>\n<meta property=\"og:image\" content=\"https:\/\/uretek.lv\/ru\/wp-content\/uploads\/2022\/11\/geotehnilised-inseneritood-uretek.jpg\" \/>\n\t<meta property=\"og:image:width\" content=\"1749\" \/>\n\t<meta property=\"og:image:height\" content=\"984\" \/>\n\t<meta property=\"og:image:type\" content=\"image\/jpeg\" \/>\n<meta name=\"twitter:card\" content=\"summary_large_image\" \/>\n<script type=\"application\/ld+json\" class=\"yoast-schema-graph\">{\"@context\":\"https:\/\/schema.org\",\"@graph\":[{\"@type\":\"WebPage\",\"@id\":\"https:\/\/uretek.lv\/ru\/tehnoblog\/tehnologiya\/\",\"url\":\"https:\/\/uretek.lv\/ru\/tehnoblog\/tehnologiya\/\",\"name\":\"T\u0435\u0445\u043d\u043e\u043b\u043e\u0433\u0438\u044f | URETEK Baltic\",\"isPartOf\":{\"@id\":\"https:\/\/uretek.ee\/ru\/#website\"},\"datePublished\":\"2023-01-24T12:25:02+00:00\",\"dateModified\":\"2023-04-28T09:01:22+00:00\",\"description\":\"URETEK pakub geotehniliste insenerit\u00f6\u00f6delahendusi ilma klientide elu- ja \u00e4ritegevust h\u00e4irimata. | T\u0435\u0445\u043d\u043e\u043b\u043e\u0433\u0438\u044f\",\"breadcrumb\":{\"@id\":\"https:\/\/uretek.lv\/ru\/tehnoblog\/tehnologiya\/#breadcrumb\"},\"inLanguage\":\"et\",\"potentialAction\":[{\"@type\":\"ReadAction\",\"target\":[\"https:\/\/uretek.lv\/ru\/tehnoblog\/tehnologiya\/\"]}]},{\"@type\":\"BreadcrumbList\",\"@id\":\"https:\/\/uretek.lv\/ru\/tehnoblog\/tehnologiya\/#breadcrumb\",\"itemListElement\":[{\"@type\":\"ListItem\",\"position\":1,\"name\":\"Home\",\"item\":\"https:\/\/uretek.lv\/ru\/\"},{\"@type\":\"ListItem\",\"position\":2,\"name\":\"\u0422\u0435\u0445\u043d\u0438\u0447\u0435\u0441\u043a\u0438\u0439 \u0431\u043b\u043e\u0433\",\"item\":\"https:\/\/ru.uretek.ee\/tehnoblog\/\"},{\"@type\":\"ListItem\",\"position\":3,\"name\":\"T\u0435\u0445\u043d\u043e\u043b\u043e\u0433\u0438\u044f\"}]},{\"@type\":\"WebSite\",\"@id\":\"https:\/\/uretek.ee\/ru\/#website\",\"url\":\"https:\/\/uretek.ee\/ru\/\",\"name\":\"Uretek\",\"description\":\"Geotehnilised insenerit\u00f6\u00f6d\",\"publisher\":{\"@id\":\"https:\/\/uretek.ee\/ru\/#organization\"},\"alternateName\":\"Uretek\",\"potentialAction\":[{\"@type\":\"SearchAction\",\"target\":{\"@type\":\"EntryPoint\",\"urlTemplate\":\"https:\/\/uretek.ee\/ru\/?s={search_term_string}\"},\"query-input\":\"required name=search_term_string\"}],\"inLanguage\":\"et\"},{\"@type\":\"Organization\",\"@id\":\"https:\/\/uretek.ee\/ru\/#organization\",\"name\":\"Uretek\",\"url\":\"https:\/\/uretek.ee\/ru\/\",\"logo\":{\"@type\":\"ImageObject\",\"inLanguage\":\"et\",\"@id\":\"https:\/\/uretek.ee\/ru\/#\/schema\/logo\/image\/\",\"url\":\"https:\/\/uretek.ee\/ru\/wp-content\/uploads\/2023\/05\/uretek-logo-ruut.jpg\",\"contentUrl\":\"https:\/\/uretek.ee\/ru\/wp-content\/uploads\/2023\/05\/uretek-logo-ruut.jpg\",\"width\":219,\"height\":219,\"caption\":\"Uretek\"},\"image\":{\"@id\":\"https:\/\/uretek.ee\/ru\/#\/schema\/logo\/image\/\"},\"sameAs\":[\"https:\/\/www.facebook.com\/people\/URETEK-Eesti\/100064206516576\/\"]}]}<\/script>\n<!-- \/ Yoast SEO plugin. -->","yoast_head_json":{"title":"T\u0435\u0445\u043d\u043e\u043b\u043e\u0433\u0438\u044f | URETEK Baltic","description":"URETEK pakub geotehniliste insenerit\u00f6\u00f6delahendusi ilma klientide elu- ja \u00e4ritegevust h\u00e4irimata. | T\u0435\u0445\u043d\u043e\u043b\u043e\u0433\u0438\u044f","robots":{"index":"index","follow":"follow","max-snippet":"max-snippet:-1","max-image-preview":"max-image-preview:large","max-video-preview":"max-video-preview:-1"},"canonical":"https:\/\/uretek.lv\/ru\/tehnoblog\/tehnologiya\/","og_locale":"et_EE","og_type":"article","og_title":"T\u0435\u0445\u043d\u043e\u043b\u043e\u0433\u0438\u044f | URETEK Baltic","og_description":"URETEK pakub geotehniliste insenerit\u00f6\u00f6delahendusi ilma klientide elu- ja \u00e4ritegevust h\u00e4irimata. | T\u0435\u0445\u043d\u043e\u043b\u043e\u0433\u0438\u044f","og_url":"https:\/\/uretek.lv\/ru\/tehnoblog\/tehnologiya\/","og_site_name":"URETEK Baltic","article_publisher":"https:\/\/www.facebook.com\/people\/URETEK-Eesti\/100064206516576\/","article_modified_time":"2023-04-28T09:01:22+00:00","og_image":[{"width":1749,"height":984,"url":"https:\/\/uretek.lv\/ru\/wp-content\/uploads\/2022\/11\/geotehnilised-inseneritood-uretek.jpg","type":"image\/jpeg"}],"twitter_card":"summary_large_image","schema":{"@context":"https:\/\/schema.org","@graph":[{"@type":"WebPage","@id":"https:\/\/uretek.lv\/ru\/tehnoblog\/tehnologiya\/","url":"https:\/\/uretek.lv\/ru\/tehnoblog\/tehnologiya\/","name":"T\u0435\u0445\u043d\u043e\u043b\u043e\u0433\u0438\u044f | URETEK Baltic","isPartOf":{"@id":"https:\/\/uretek.ee\/ru\/#website"},"datePublished":"2023-01-24T12:25:02+00:00","dateModified":"2023-04-28T09:01:22+00:00","description":"URETEK pakub geotehniliste insenerit\u00f6\u00f6delahendusi ilma klientide elu- ja \u00e4ritegevust h\u00e4irimata. | T\u0435\u0445\u043d\u043e\u043b\u043e\u0433\u0438\u044f","breadcrumb":{"@id":"https:\/\/uretek.lv\/ru\/tehnoblog\/tehnologiya\/#breadcrumb"},"inLanguage":"et","potentialAction":[{"@type":"ReadAction","target":["https:\/\/uretek.lv\/ru\/tehnoblog\/tehnologiya\/"]}]},{"@type":"BreadcrumbList","@id":"https:\/\/uretek.lv\/ru\/tehnoblog\/tehnologiya\/#breadcrumb","itemListElement":[{"@type":"ListItem","position":1,"name":"Home","item":"https:\/\/uretek.lv\/ru\/"},{"@type":"ListItem","position":2,"name":"\u0422\u0435\u0445\u043d\u0438\u0447\u0435\u0441\u043a\u0438\u0439 \u0431\u043b\u043e\u0433","item":"https:\/\/ru.uretek.ee\/tehnoblog\/"},{"@type":"ListItem","position":3,"name":"T\u0435\u0445\u043d\u043e\u043b\u043e\u0433\u0438\u044f"}]},{"@type":"WebSite","@id":"https:\/\/uretek.ee\/ru\/#website","url":"https:\/\/uretek.ee\/ru\/","name":"Uretek","description":"Geotehnilised insenerit\u00f6\u00f6d","publisher":{"@id":"https:\/\/uretek.ee\/ru\/#organization"},"alternateName":"Uretek","potentialAction":[{"@type":"SearchAction","target":{"@type":"EntryPoint","urlTemplate":"https:\/\/uretek.ee\/ru\/?s={search_term_string}"},"query-input":"required name=search_term_string"}],"inLanguage":"et"},{"@type":"Organization","@id":"https:\/\/uretek.ee\/ru\/#organization","name":"Uretek","url":"https:\/\/uretek.ee\/ru\/","logo":{"@type":"ImageObject","inLanguage":"et","@id":"https:\/\/uretek.ee\/ru\/#\/schema\/logo\/image\/","url":"https:\/\/uretek.ee\/ru\/wp-content\/uploads\/2023\/05\/uretek-logo-ruut.jpg","contentUrl":"https:\/\/uretek.ee\/ru\/wp-content\/uploads\/2023\/05\/uretek-logo-ruut.jpg","width":219,"height":219,"caption":"Uretek"},"image":{"@id":"https:\/\/uretek.ee\/ru\/#\/schema\/logo\/image\/"},"sameAs":["https:\/\/www.facebook.com\/people\/URETEK-Eesti\/100064206516576\/"]}]}},"_links":{"self":[{"href":"https:\/\/uretek.lv\/ru\/wp-json\/wp\/v2\/pages\/1289","targetHints":{"allow":["GET"]}}],"collection":[{"href":"https:\/\/uretek.lv\/ru\/wp-json\/wp\/v2\/pages"}],"about":[{"href":"https:\/\/uretek.lv\/ru\/wp-json\/wp\/v2\/types\/page"}],"author":[{"embeddable":true,"href":"https:\/\/uretek.lv\/ru\/wp-json\/wp\/v2\/users\/2"}],"replies":[{"embeddable":true,"href":"https:\/\/uretek.lv\/ru\/wp-json\/wp\/v2\/comments?post=1289"}],"version-history":[{"count":3,"href":"https:\/\/uretek.lv\/ru\/wp-json\/wp\/v2\/pages\/1289\/revisions"}],"predecessor-version":[{"id":2845,"href":"https:\/\/uretek.lv\/ru\/wp-json\/wp\/v2\/pages\/1289\/revisions\/2845"}],"up":[{"embeddable":true,"href":"https:\/\/uretek.lv\/ru\/wp-json\/wp\/v2\/pages\/1035"}],"wp:attachment":[{"href":"https:\/\/uretek.lv\/ru\/wp-json\/wp\/v2\/media?parent=1289"}],"curies":[{"name":"wp","href":"https:\/\/api.w.org\/{rel}","templated":true}]}}