{"id":2759,"date":"2023-04-18T13:12:43","date_gmt":"2023-04-18T13:12:43","guid":{"rendered":"https:\/\/uretek.ee\/ru\/?page_id=2759"},"modified":"2024-07-16T10:12:59","modified_gmt":"2024-07-16T10:12:59","slug":"geotehnicheskie-inzhenernye-raboty","status":"publish","type":"page","link":"https:\/\/uretek.lv\/ru\/","title":{"rendered":"\u0413\u0415\u041e\u0422\u0415\u0425\u041d\u0418\u0427\u0415\u0421\u041a\u0418\u0415 \u0418\u041d\u0416\u0415\u041d\u0415\u0420\u041d\u042b\u0415 \u0420\u0410\u0411\u041e\u0422\u042b"},"content":{"rendered":"<h2>\u0422\u0415\u0425\u041d\u041e\u041b\u041e\u0413\u0418\u042f URETEK<\/h2>\n<blockquote><p>URETEK \u043f\u0440\u0435\u0434\u043e\u0441\u0442\u0430\u0432\u043b\u044f\u0435\u0442 \u0440\u0435\u0448\u0435\u043d\u0438\u044f \u0432 \u043e\u0431\u043b\u0430\u0441\u0442\u0438 \u0433\u0435\u043e\u0442\u0435\u0445\u043d\u0438\u0447\u0435\u0441\u043a\u043e\u0433\u043e \u0438\u043d\u0436\u0438\u043d\u0438\u0440\u0438\u043d\u0433\u0430 \u0438 \u0440\u0435\u043c\u043e\u043d\u0442\u0430 \u0444\u0443\u043d\u0434\u0430\u043c\u0435\u043d\u0442\u043e\u0432 \u0441 \u0438\u0441\u043f\u043e\u043b\u044c\u0437\u043e\u0432\u0430\u043d\u0438\u0435\u043c \u0441\u0432\u043e\u0435\u0439 \u0437\u0430\u043f\u0430\u0442\u0435\u043d\u0442\u043e\u0432\u0430\u043d\u043d\u043e\u0439 \u0442\u0435\u0445\u043d\u043e\u043b\u043e\u0433\u0438\u0438 \u0438\u043d\u044a\u0435\u043a\u0446\u0438\u0439 \u0433\u0435\u043e\u043f\u043e\u043b\u0438\u043c\u0435\u0440\u0430.<\/p><\/blockquote>\n<p>\u0422\u0435\u0445\u043d\u043e\u043b\u043e\u0433\u0438\u044f URETEK \u043f\u0440\u0435\u0434\u043e\u0441\u0442\u0430\u0432\u043b\u044f\u0435\u0442 \u043d\u0435\u0431\u0435\u0441\u043f\u0440\u0435\u0440\u044b\u0432\u043d\u043e\u0435, \u0438\u043d\u043d\u043e\u0432\u0430\u0446\u0438\u043e\u043d\u043d\u043e\u0435, \u044d\u0444\u0444\u0435\u043a\u0442\u0438\u0432\u043d\u043e\u0435 \u0438 \u044d\u043a\u043e\u043b\u043e\u0433\u0438\u0447\u0435\u0441\u043a\u0438 \u0431\u0435\u0437\u043e\u043f\u0430\u0441\u043d\u043e\u0435 \u0440\u0435\u0448\u0435\u043d\u0438\u0435 \u0434\u043b\u044f \u0441\u0442\u0430\u0431\u0438\u043b\u0438\u0437\u0430\u0446\u0438\u0438 \u0438 \u0440\u0435\u043c\u043e\u043d\u0442\u0430 \u043a\u043e\u043d\u0441\u0442\u0440\u0443\u043a\u0446\u0438\u0439. \u041d\u0430\u0448\u0430 \u0442\u0435\u0445\u043d\u043e\u043b\u043e\u0433\u0438\u044f \u043f\u0440\u0435\u0434\u043b\u0430\u0433\u0430\u0435\u0442 \u0440\u0435\u0448\u0435\u043d\u0438\u044f \u0434\u043b\u044f \u043f\u0440\u043e\u0431\u043b\u0435\u043c \u043e\u0441\u0435\u0434\u0430\u043d\u0438\u044f \u0432 \u0448\u0438\u0440\u043e\u043a\u043e\u043c \u0441\u043f\u0435\u043a\u0442\u0440\u0435 \u0438\u043d\u0444\u0440\u0430\u0441\u0442\u0440\u0443\u043a\u0442\u0443\u0440\u044b, \u0432\u043a\u043b\u044e\u0447\u0430\u044f \u0434\u043e\u0440\u043e\u0433\u0438, \u043c\u043e\u0441\u0442\u044b, \u0442\u043e\u043d\u043d\u0435\u043b\u0438, \u0436\u0435\u043b\u0435\u0437\u043d\u044b\u0435 \u0434\u043e\u0440\u043e\u0433\u0438, \u0430\u044d\u0440\u043e\u043f\u043e\u0440\u0442\u044b \u0438 \u0437\u0434\u0430\u043d\u0438\u044f. \u0415\u0435 \u0442\u0430\u043a\u0436\u0435 \u043c\u043e\u0436\u043d\u043e \u0438\u0441\u043f\u043e\u043b\u044c\u0437\u043e\u0432\u0430\u0442\u044c \u0434\u043b\u044f \u0440\u0435\u043c\u043e\u043d\u0442\u0430 \u0436\u0438\u043b\u044b\u0445 \u0438 \u043a\u043e\u043c\u043c\u0435\u0440\u0447\u0435\u0441\u043a\u0438\u0445 \u0444\u0443\u043d\u0434\u0430\u043c\u0435\u043d\u0442\u043e\u0432, \u043b\u0438\u043a\u0432\u0438\u0434\u0430\u0446\u0438\u0438 \u0432\u043e\u0440\u043e\u043d\u043e\u043a \u0438 \u0441\u0442\u0430\u0431\u0438\u043b\u0438\u0437\u0430\u0446\u0438\u0438 \u043c\u043e\u0440\u0441\u043a\u0438\u0445 \u0432\u043e\u043b\u043d\u043e\u0440\u0435\u0437\u043e\u0432.<br \/>\n<a href=\"https:\/\/ru.uretek.ee\/tehnologiya\/\"><strong> \u0427\u0438\u0442\u0430\u0442\u044c \u0434\u0430\u043b\u0435\u0435 <i class=\"fas fa-arrow-right\"><\/i><\/strong><\/a><\/p>\n","protected":false},"excerpt":{"rendered":"<p>\u0422\u0415\u0425\u041d\u041e\u041b\u041e\u0413\u0418\u042f URETEK URETEK \u043f\u0440\u0435\u0434\u043e\u0441\u0442\u0430\u0432\u043b\u044f\u0435\u0442 \u0440\u0435\u0448\u0435\u043d\u0438\u044f \u0432 \u043e\u0431\u043b\u0430\u0441\u0442\u0438 \u0433\u0435\u043e\u0442\u0435\u0445\u043d\u0438\u0447\u0435\u0441\u043a\u043e\u0433\u043e \u0438\u043d\u0436\u0438\u043d\u0438\u0440\u0438\u043d\u0433\u0430 \u0438 \u0440\u0435\u043c\u043e\u043d\u0442\u0430 \u0444\u0443\u043d\u0434\u0430\u043c\u0435\u043d\u0442\u043e\u0432 \u0441 \u0438\u0441\u043f\u043e\u043b\u044c\u0437\u043e\u0432\u0430\u043d\u0438\u0435\u043c \u0441\u0432\u043e\u0435\u0439 \u0437\u0430\u043f\u0430\u0442\u0435\u043d\u0442\u043e\u0432\u0430\u043d\u043d\u043e\u0439 \u0442\u0435\u0445\u043d\u043e\u043b\u043e\u0433\u0438\u0438 \u0438\u043d\u044a\u0435\u043a\u0446\u0438\u0439 \u0433\u0435\u043e\u043f\u043e\u043b\u0438\u043c\u0435\u0440\u0430. \u0422\u0435\u0445\u043d\u043e\u043b\u043e\u0433\u0438\u044f URETEK \u043f\u0440\u0435\u0434\u043e\u0441\u0442\u0430\u0432\u043b\u044f\u0435\u0442 \u043d\u0435\u0431\u0435\u0441\u043f\u0440\u0435\u0440\u044b\u0432\u043d\u043e\u0435, \u0438\u043d\u043d\u043e\u0432\u0430\u0446\u0438\u043e\u043d\u043d\u043e\u0435, \u044d\u0444\u0444\u0435\u043a\u0442\u0438\u0432\u043d\u043e\u0435 \u0438 \u044d\u043a\u043e\u043b\u043e\u0433\u0438\u0447\u0435\u0441\u043a\u0438 \u0431\u0435\u0437\u043e\u043f\u0430\u0441\u043d\u043e\u0435 \u0440\u0435\u0448\u0435\u043d\u0438\u0435 \u0434\u043b\u044f \u0441\u0442\u0430\u0431\u0438\u043b\u0438\u0437\u0430\u0446\u0438\u0438 \u0438 \u0440\u0435\u043c\u043e\u043d\u0442\u0430 \u043a\u043e\u043d\u0441\u0442\u0440\u0443\u043a\u0446\u0438\u0439. \u041d\u0430\u0448\u0430 \u0442\u0435\u0445\u043d\u043e\u043b\u043e\u0433\u0438\u044f \u043f\u0440\u0435\u0434\u043b\u0430\u0433\u0430\u0435\u0442 \u0440\u0435\u0448\u0435\u043d\u0438\u044f \u0434\u043b\u044f \u043f\u0440\u043e\u0431\u043b\u0435\u043c \u043e\u0441\u0435\u0434\u0430\u043d\u0438\u044f \u0432 \u0448\u0438\u0440\u043e\u043a\u043e\u043c \u0441\u043f\u0435\u043a\u0442\u0440\u0435 \u0438\u043d\u0444\u0440\u0430\u0441\u0442\u0440\u0443\u043a\u0442\u0443\u0440\u044b, \u0432\u043a\u043b\u044e\u0447\u0430\u044f \u0434\u043e\u0440\u043e\u0433\u0438, \u043c\u043e\u0441\u0442\u044b, \u0442\u043e\u043d\u043d\u0435\u043b\u0438, \u0436\u0435\u043b\u0435\u0437\u043d\u044b\u0435 \u0434\u043e\u0440\u043e\u0433\u0438, \u0430\u044d\u0440\u043e\u043f\u043e\u0440\u0442\u044b \u0438 \u0437\u0434\u0430\u043d\u0438\u044f. \u0415\u0435 [&hellip;]<\/p>\n","protected":false},"author":2,"featured_media":497,"parent":0,"menu_order":0,"comment_status":"closed","ping_status":"closed","template":"Front-page.php","meta":{"_acf_changed":false,"pgc_meta":"","footnotes":""},"class_list":["post-2759","page","type-page","status-publish","has-post-thumbnail","hentry"],"acf":[],"pgc_meta":"","yoast_head":"<!-- This site is optimized with the Yoast SEO plugin v22.0 - https:\/\/yoast.com\/wordpress\/plugins\/seo\/ -->\n<title>\u0413\u0415\u041e\u0422\u0415\u0425\u041d\u0418\u0427\u0415\u0421\u041a\u0418\u0415 \u0418\u041d\u0416\u0415\u041d\u0415\u0420\u041d\u042b\u0415 \u0420\u0410\u0411\u041e\u0422\u042b | URETEK Baltic<\/title>\n<meta name=\"description\" content=\"URETEK pakub geotehniliste insenerit\u00f6\u00f6delahendusi ilma klientide elu- ja \u00e4ritegevust h\u00e4irimata. | \u0413\u0415\u041e\u0422\u0415\u0425\u041d\u0418\u0427\u0415\u0421\u041a\u0418\u0415 \u0418\u041d\u0416\u0415\u041d\u0415\u0420\u041d\u042b\u0415 \u0420\u0410\u0411\u041e\u0422\u042b\" \/>\n<meta name=\"robots\" content=\"index, follow, max-snippet:-1, max-image-preview:large, max-video-preview:-1\" \/>\n<link rel=\"canonical\" href=\"https:\/\/uretek.lv\/ru\/\" \/>\n<meta property=\"og:locale\" content=\"et_EE\" \/>\n<meta property=\"og:type\" content=\"article\" \/>\n<meta property=\"og:title\" content=\"\u0413\u0415\u041e\u0422\u0415\u0425\u041d\u0418\u0427\u0415\u0421\u041a\u0418\u0415 \u0418\u041d\u0416\u0415\u041d\u0415\u0420\u041d\u042b\u0415 \u0420\u0410\u0411\u041e\u0422\u042b | URETEK Baltic\" \/>\n<meta property=\"og:description\" content=\"URETEK pakub geotehniliste insenerit\u00f6\u00f6delahendusi ilma klientide elu- ja \u00e4ritegevust h\u00e4irimata. | \u0413\u0415\u041e\u0422\u0415\u0425\u041d\u0418\u0427\u0415\u0421\u041a\u0418\u0415 \u0418\u041d\u0416\u0415\u041d\u0415\u0420\u041d\u042b\u0415 \u0420\u0410\u0411\u041e\u0422\u042b\" \/>\n<meta property=\"og:url\" content=\"https:\/\/uretek.lv\/ru\/\" \/>\n<meta property=\"og:site_name\" content=\"URETEK Baltic\" \/>\n<meta property=\"article:publisher\" content=\"https:\/\/www.facebook.com\/people\/URETEK-Eesti\/100064206516576\/\" \/>\n<meta property=\"article:modified_time\" content=\"2024-07-16T10:12:59+00:00\" \/>\n<meta property=\"og:image\" content=\"https:\/\/uretek.lv\/ru\/wp-content\/uploads\/2023\/01\/geotehnilised-inseneritood-uretek2.jpg\" \/>\n\t<meta property=\"og:image:width\" content=\"1747\" \/>\n\t<meta property=\"og:image:height\" content=\"977\" \/>\n\t<meta property=\"og:image:type\" content=\"image\/jpeg\" \/>\n<meta name=\"twitter:card\" content=\"summary_large_image\" \/>\n<meta name=\"twitter:label1\" content=\"Est. reading time\" \/>\n\t<meta name=\"twitter:data1\" content=\"1 minut\" \/>\n<script type=\"application\/ld+json\" class=\"yoast-schema-graph\">{\"@context\":\"https:\/\/schema.org\",\"@graph\":[{\"@type\":\"WebPage\",\"@id\":\"https:\/\/uretek.lv\/ru\/\",\"url\":\"https:\/\/uretek.lv\/ru\/\",\"name\":\"\u0413\u0415\u041e\u0422\u0415\u0425\u041d\u0418\u0427\u0415\u0421\u041a\u0418\u0415 \u0418\u041d\u0416\u0415\u041d\u0415\u0420\u041d\u042b\u0415 \u0420\u0410\u0411\u041e\u0422\u042b | URETEK Baltic\",\"isPartOf\":{\"@id\":\"https:\/\/uretek.ee\/ru\/#website\"},\"datePublished\":\"2023-04-18T13:12:43+00:00\",\"dateModified\":\"2024-07-16T10:12:59+00:00\",\"description\":\"URETEK pakub geotehniliste insenerit\u00f6\u00f6delahendusi ilma klientide elu- ja \u00e4ritegevust h\u00e4irimata. | \u0413\u0415\u041e\u0422\u0415\u0425\u041d\u0418\u0427\u0415\u0421\u041a\u0418\u0415 \u0418\u041d\u0416\u0415\u041d\u0415\u0420\u041d\u042b\u0415 \u0420\u0410\u0411\u041e\u0422\u042b\",\"breadcrumb\":{\"@id\":\"https:\/\/uretek.lv\/ru\/#breadcrumb\"},\"inLanguage\":\"et\",\"potentialAction\":[{\"@type\":\"ReadAction\",\"target\":[\"https:\/\/uretek.lv\/ru\/\"]}]},{\"@type\":\"BreadcrumbList\",\"@id\":\"https:\/\/uretek.lv\/ru\/#breadcrumb\",\"itemListElement\":[{\"@type\":\"ListItem\",\"position\":1,\"name\":\"Home\",\"item\":\"https:\/\/uretek.lv\/ru\/\"},{\"@type\":\"ListItem\",\"position\":2,\"name\":\"\u0413\u0415\u041e\u0422\u0415\u0425\u041d\u0418\u0427\u0415\u0421\u041a\u0418\u0415 \u0418\u041d\u0416\u0415\u041d\u0415\u0420\u041d\u042b\u0415 \u0420\u0410\u0411\u041e\u0422\u042b\"}]},{\"@type\":\"WebSite\",\"@id\":\"https:\/\/uretek.ee\/ru\/#website\",\"url\":\"https:\/\/uretek.ee\/ru\/\",\"name\":\"Uretek\",\"description\":\"Geotehnilised insenerit\u00f6\u00f6d\",\"publisher\":{\"@id\":\"https:\/\/uretek.ee\/ru\/#organization\"},\"alternateName\":\"Uretek\",\"potentialAction\":[{\"@type\":\"SearchAction\",\"target\":{\"@type\":\"EntryPoint\",\"urlTemplate\":\"https:\/\/uretek.ee\/ru\/?s={search_term_string}\"},\"query-input\":\"required name=search_term_string\"}],\"inLanguage\":\"et\"},{\"@type\":\"Organization\",\"@id\":\"https:\/\/uretek.ee\/ru\/#organization\",\"name\":\"Uretek\",\"url\":\"https:\/\/uretek.ee\/ru\/\",\"logo\":{\"@type\":\"ImageObject\",\"inLanguage\":\"et\",\"@id\":\"https:\/\/uretek.ee\/ru\/#\/schema\/logo\/image\/\",\"url\":\"https:\/\/uretek.ee\/ru\/wp-content\/uploads\/2023\/05\/uretek-logo-ruut.jpg\",\"contentUrl\":\"https:\/\/uretek.ee\/ru\/wp-content\/uploads\/2023\/05\/uretek-logo-ruut.jpg\",\"width\":219,\"height\":219,\"caption\":\"Uretek\"},\"image\":{\"@id\":\"https:\/\/uretek.ee\/ru\/#\/schema\/logo\/image\/\"},\"sameAs\":[\"https:\/\/www.facebook.com\/people\/URETEK-Eesti\/100064206516576\/\"]}]}<\/script>\n<!-- \/ Yoast SEO plugin. -->","yoast_head_json":{"title":"\u0413\u0415\u041e\u0422\u0415\u0425\u041d\u0418\u0427\u0415\u0421\u041a\u0418\u0415 \u0418\u041d\u0416\u0415\u041d\u0415\u0420\u041d\u042b\u0415 \u0420\u0410\u0411\u041e\u0422\u042b | URETEK Baltic","description":"URETEK pakub geotehniliste insenerit\u00f6\u00f6delahendusi ilma klientide elu- ja \u00e4ritegevust h\u00e4irimata. | \u0413\u0415\u041e\u0422\u0415\u0425\u041d\u0418\u0427\u0415\u0421\u041a\u0418\u0415 \u0418\u041d\u0416\u0415\u041d\u0415\u0420\u041d\u042b\u0415 \u0420\u0410\u0411\u041e\u0422\u042b","robots":{"index":"index","follow":"follow","max-snippet":"max-snippet:-1","max-image-preview":"max-image-preview:large","max-video-preview":"max-video-preview:-1"},"canonical":"https:\/\/uretek.lv\/ru\/","og_locale":"et_EE","og_type":"article","og_title":"\u0413\u0415\u041e\u0422\u0415\u0425\u041d\u0418\u0427\u0415\u0421\u041a\u0418\u0415 \u0418\u041d\u0416\u0415\u041d\u0415\u0420\u041d\u042b\u0415 \u0420\u0410\u0411\u041e\u0422\u042b | URETEK Baltic","og_description":"URETEK pakub geotehniliste insenerit\u00f6\u00f6delahendusi ilma klientide elu- ja \u00e4ritegevust h\u00e4irimata. | \u0413\u0415\u041e\u0422\u0415\u0425\u041d\u0418\u0427\u0415\u0421\u041a\u0418\u0415 \u0418\u041d\u0416\u0415\u041d\u0415\u0420\u041d\u042b\u0415 \u0420\u0410\u0411\u041e\u0422\u042b","og_url":"https:\/\/uretek.lv\/ru\/","og_site_name":"URETEK Baltic","article_publisher":"https:\/\/www.facebook.com\/people\/URETEK-Eesti\/100064206516576\/","article_modified_time":"2024-07-16T10:12:59+00:00","og_image":[{"width":1747,"height":977,"url":"https:\/\/uretek.lv\/ru\/wp-content\/uploads\/2023\/01\/geotehnilised-inseneritood-uretek2.jpg","type":"image\/jpeg"}],"twitter_card":"summary_large_image","twitter_misc":{"Est. reading time":"1 minut"},"schema":{"@context":"https:\/\/schema.org","@graph":[{"@type":"WebPage","@id":"https:\/\/uretek.lv\/ru\/","url":"https:\/\/uretek.lv\/ru\/","name":"\u0413\u0415\u041e\u0422\u0415\u0425\u041d\u0418\u0427\u0415\u0421\u041a\u0418\u0415 \u0418\u041d\u0416\u0415\u041d\u0415\u0420\u041d\u042b\u0415 \u0420\u0410\u0411\u041e\u0422\u042b | URETEK Baltic","isPartOf":{"@id":"https:\/\/uretek.ee\/ru\/#website"},"datePublished":"2023-04-18T13:12:43+00:00","dateModified":"2024-07-16T10:12:59+00:00","description":"URETEK pakub geotehniliste insenerit\u00f6\u00f6delahendusi ilma klientide elu- ja \u00e4ritegevust h\u00e4irimata. | \u0413\u0415\u041e\u0422\u0415\u0425\u041d\u0418\u0427\u0415\u0421\u041a\u0418\u0415 \u0418\u041d\u0416\u0415\u041d\u0415\u0420\u041d\u042b\u0415 \u0420\u0410\u0411\u041e\u0422\u042b","breadcrumb":{"@id":"https:\/\/uretek.lv\/ru\/#breadcrumb"},"inLanguage":"et","potentialAction":[{"@type":"ReadAction","target":["https:\/\/uretek.lv\/ru\/"]}]},{"@type":"BreadcrumbList","@id":"https:\/\/uretek.lv\/ru\/#breadcrumb","itemListElement":[{"@type":"ListItem","position":1,"name":"Home","item":"https:\/\/uretek.lv\/ru\/"},{"@type":"ListItem","position":2,"name":"\u0413\u0415\u041e\u0422\u0415\u0425\u041d\u0418\u0427\u0415\u0421\u041a\u0418\u0415 \u0418\u041d\u0416\u0415\u041d\u0415\u0420\u041d\u042b\u0415 \u0420\u0410\u0411\u041e\u0422\u042b"}]},{"@type":"WebSite","@id":"https:\/\/uretek.ee\/ru\/#website","url":"https:\/\/uretek.ee\/ru\/","name":"Uretek","description":"Geotehnilised insenerit\u00f6\u00f6d","publisher":{"@id":"https:\/\/uretek.ee\/ru\/#organization"},"alternateName":"Uretek","potentialAction":[{"@type":"SearchAction","target":{"@type":"EntryPoint","urlTemplate":"https:\/\/uretek.ee\/ru\/?s={search_term_string}"},"query-input":"required name=search_term_string"}],"inLanguage":"et"},{"@type":"Organization","@id":"https:\/\/uretek.ee\/ru\/#organization","name":"Uretek","url":"https:\/\/uretek.ee\/ru\/","logo":{"@type":"ImageObject","inLanguage":"et","@id":"https:\/\/uretek.ee\/ru\/#\/schema\/logo\/image\/","url":"https:\/\/uretek.ee\/ru\/wp-content\/uploads\/2023\/05\/uretek-logo-ruut.jpg","contentUrl":"https:\/\/uretek.ee\/ru\/wp-content\/uploads\/2023\/05\/uretek-logo-ruut.jpg","width":219,"height":219,"caption":"Uretek"},"image":{"@id":"https:\/\/uretek.ee\/ru\/#\/schema\/logo\/image\/"},"sameAs":["https:\/\/www.facebook.com\/people\/URETEK-Eesti\/100064206516576\/"]}]}},"_links":{"self":[{"href":"https:\/\/uretek.lv\/ru\/wp-json\/wp\/v2\/pages\/2759","targetHints":{"allow":["GET"]}}],"collection":[{"href":"https:\/\/uretek.lv\/ru\/wp-json\/wp\/v2\/pages"}],"about":[{"href":"https:\/\/uretek.lv\/ru\/wp-json\/wp\/v2\/types\/page"}],"author":[{"embeddable":true,"href":"https:\/\/uretek.lv\/ru\/wp-json\/wp\/v2\/users\/2"}],"replies":[{"embeddable":true,"href":"https:\/\/uretek.lv\/ru\/wp-json\/wp\/v2\/comments?post=2759"}],"version-history":[{"count":26,"href":"https:\/\/uretek.lv\/ru\/wp-json\/wp\/v2\/pages\/2759\/revisions"}],"predecessor-version":[{"id":4445,"href":"https:\/\/uretek.lv\/ru\/wp-json\/wp\/v2\/pages\/2759\/revisions\/4445"}],"wp:featuredmedia":[{"embeddable":true,"href":"https:\/\/uretek.lv\/ru\/wp-json\/wp\/v2\/media\/497"}],"wp:attachment":[{"href":"https:\/\/uretek.lv\/ru\/wp-json\/wp\/v2\/media?parent=2759"}],"curies":[{"name":"wp","href":"https:\/\/api.w.org\/{rel}","templated":true}]}}